{"id":2,"date":"2026-01-16T16:12:46","date_gmt":"2026-01-16T16:12:46","guid":{"rendered":"https:\/\/blog.format-x.gmbh\/?page_id=2"},"modified":"2026-01-31T08:46:06","modified_gmt":"2026-01-31T08:46:06","slug":"sample-page","status":"publish","type":"page","link":"https:\/\/blog.format-x.gmbh\/","title":{"rendered":"Sample Page"},"content":{"rendered":"<div class=\"wpb-content-wrapper\"><p>[vc_row][vc_column][vc_column_text css=&#8220;&#8220;]<\/p>\r\n\r\n<p>&nbsp;<\/p>\r\n\r\n<p>&nbsp;<\/p>\r\n\r\n<p>&nbsp;<\/p>\r\n\r\n<p>&nbsp;<\/p>\r\n\r\n<p>&nbsp;<\/p>\r\n\r\n<p>&nbsp;<\/p>\r\n<!-- \/wp:post-content -->\r\n<p>[\/vc_column_text]\t\t<div class=\"eut-element eut-blog eut-blog-columns eut-blog-grid eut-isotope eut-with-gap\" style=\"\" data-columns=\"4\" data-columns-large-screen=\"5\" data-columns-tablet-landscape=\"2\" data-columns-tablet-portrait=\"2\" data-columns-mobile=\"1\" data-layout=\"fitRows\" data-spinner=\"no\" data-gutter-size=\"40\">\r\n\t\t\t<div class=\"eut-isotope-container\">\r\n\t\t\t<article class=\"eut-blog-item eut-isotope-item post-1087400 post type-post status-publish format-standard has-post-thumbnail hentry category-uncategorized\" itemscope itemType=\"http:\/\/schema.org\/BlogPosting\">\r\n\t\t\t\t<div class=\"eut-blog-item-inner eut-isotope-item-inner\">\r\n\t\t\t\t\t\t\t\t\t\t\t\t\t<div class=\"eut-media eut-image-hover clearfix\">\r\n\t\t\t<a class=\"eut-post-link\" href=\"https:\/\/blog.format-x.gmbh\/?p=1087400\"><\/a>\r\n\t\t\t<img loading=\"lazy\" decoding=\"async\" width=\"800\" height=\"450\" src=\"https:\/\/blog.format-x.gmbh\/wp-content\/uploads\/2026\/02\/a5e8d3f0-3c9b-4c71-91e1-ece28ce56842-800x450.jpg\" class=\"attachment-anemos-eutf-small-rect-horizontal-wide size-anemos-eutf-small-rect-horizontal-wide wp-post-image\" alt=\"\" srcset=\"https:\/\/blog.format-x.gmbh\/wp-content\/uploads\/2026\/02\/a5e8d3f0-3c9b-4c71-91e1-ece28ce56842-800x450.jpg 800w, https:\/\/blog.format-x.gmbh\/wp-content\/uploads\/2026\/02\/a5e8d3f0-3c9b-4c71-91e1-ece28ce56842-1170x658.jpg 1170w\" sizes=\"auto, (max-width: 800px) 100vw, 800px\" \/>\t\t<\/div>\r\n\t\t\t\t\t\t<div class=\"eut-post-content-wrapper\">\r\n\t\t\t\t\t\t\t<div class=\"eut-post-content\">\r\n\t\t\t\t\t\t\t\t<div class=\"eut-post-header\">\r\n\t\t\t\t\t\t\t\t\t\t\t\t\t\t\t\t\t\t\t\t\t\t\t\t\t\t\t<div class=\"eut-small-text eut-post-date\">\t<time class=\"\" datetime=\"2026-02-28T17:07:09+00:00\">\r\n\t\t28.02.2026\t<\/time>\r\n<\/div>\r\n\t\t\t\t\t\t\t\t\t\t\t\t\t\t\t\t\t\t<a href=\"https:\/\/blog.format-x.gmbh\/?p=1087400\" rel=\"bookmark\"><h2 class=\"eut-post-title eut-text-hover-primary-1 eut-h3\" itemprop=\"headline\">\ud83d\udc23 Neu im Shop: Osterdeko aus dem 3D-Drucker! \ud83d\udc30\u2728<\/h2><\/a>\t\t\t\t\t\t\t\t\t\t\t<span class=\"eut-hidden\">\r\n\t\t\t<span class=\"eut-structured-data\" itemprop=\"image\" itemscope itemtype=\"http:\/\/schema.org\/ImageObject\">\r\n\t\t\t   <span itemprop='url' >https:\/\/blog.format-x.gmbh\/wp-content\/uploads\/2026\/02\/a5e8d3f0-3c9b-4c71-91e1-ece28ce56842.jpg<\/span>\r\n\t\t\t   <span itemprop='height' >2000<\/span>\r\n\t\t\t   <span itemprop='width' >1333<\/span>\r\n\t\t\t<\/span>\r\n\t\t\t\t\t\t<span class=\"eut-structured-data\" itemprop=\"author\" itemscope itemtype=\"http:\/\/schema.org\/Person\">\r\n\t\t\t\t<span itemprop=\"name\">admin<\/span>\r\n\t\t\t<\/span>\r\n\t\t\t<span class=\"eut-structured-data\" itemprop=\"publisher\" itemscope itemtype=\"http:\/\/schema.org\/Organization\">\r\n\t\t\t\t<span itemprop='name'>admin<\/span>\r\n\t\t\t\t<span itemprop='logo' itemscope itemtype='http:\/\/schema.org\/ImageObject'>\r\n\t\t\t\t\t<span itemprop='url'>https:\/\/secure.gravatar.com\/avatar\/027ebe76422f96a962f77d6ecf369664a4fe7a1e28bb14f0ce8c2d73a5947475?s=96&#038;d=mm&#038;r=g<\/span>\r\n\t\t\t\t<\/span>\r\n\t\t\t<\/span>\r\n\t\t\t\t\t\t<time class=\"eut-structured-data\" itemprop=\"datePublished\" datetime=\"2026-02-28T17:07:09+00:00\">28.02.2026<\/time>\r\n\t\t\t<time class=\"eut-structured-data\" itemprop=\"dateModified\"  datetime=\"2026-02-28T17:07:09+00:00\">28.02.2026<\/time>\r\n\t\t\t<span class=\"eut-structured-data\" itemprop=\"mainEntityOfPage\" itemscope itemtype=\"http:\/\/schema.org\/WebPage\" itemid=\"https:\/\/blog.format-x.gmbh\/?p=1087400\"><\/span>\r\n\t\t<\/span>\r\n\t\t\t\t\t\t\t\t\t<\/div>\r\n\t\t\t\t\t\t\t\t<div itemprop=\"articleBody\"><p>Passend zum Fr\u00fchling und zur Osterzeit gibt es jetzt neue, liebevoll gestaltete Dekorationen aus unserem 3D-Druck: \ud83e\udd5a Eier in drei Gr\u00f6\u00dfen \ud83d\udc30 Eier mit Hasenohren \ud83d\udc07 Hasen in verschiedenen Gr\u00f6\u00dfen \ud83d\udc14 H\u00fchner &amp; s\u00fc\u00dfe K\u00fcken \ud83c\udf38 Streudekoration in Ei-Form \u2013 perfekt f\u00fcr Tisch &amp; Geschenk Alle Produkte werden von uns mit viel Liebe zum Detail&hellip;<\/p><\/div>\t\t\t\t\t\t\t<\/div>\r\n\t\t\t\t\t\t\t\t\t\t\t\t\t\t<div class=\"eut-post-meta-wrapper\">\r\n\t\t\t\t\t\t\t\t\t\t\t\t\t\t\t\t<ul class=\"eut-post-meta\">\r\n\t\t\t\t\t\t\t\t\t\t<li class=\"eut-post-author eut-small-text\">\r\n\t\t\t<i class=\"eut-icon-user\"><\/i><span>admin<\/span>\r\n\t\t<\/li>\r\n\t<li class=\"eut-post-comments eut-small-text\"><i class=\"eut-icon-comment\"><\/i> 0<\/li>\r\n\t\t\t\t\t\t\t\t<\/ul>\r\n\t\t\t\t\t\t\t\t\t\t\t\t\t\t\t\t\t\t\t\t\t\t\t<\/div>\r\n\t\t\t\t\t\t\t\t\t\t\t\t\t<\/div>\r\n\t\t\t\t\t\r\n\t\t\t\t<\/div>\t\t\t<\/article>\r\n\r\n\t\t\t<article class=\"eut-blog-item eut-isotope-item post-1087390 post type-post status-publish format-standard hentry category-uncategorized\" itemscope itemType=\"http:\/\/schema.org\/BlogPosting\">\r\n\t\t\t\t<div class=\"eut-blog-item-inner eut-isotope-item-inner\">\r\n\t\t\t\t\t\t\t\t\t\t\t\t\t\t\t\t\t<div class=\"eut-post-content-wrapper\">\r\n\t\t\t\t\t\t\t<div class=\"eut-post-content\">\r\n\t\t\t\t\t\t\t\t<div class=\"eut-post-header\">\r\n\t\t\t\t\t\t\t\t\t\t\t\t\t\t\t\t\t\t\t\t\t\t\t\t\t\t\t<div class=\"eut-small-text eut-post-date\">\t<time class=\"\" datetime=\"2026-01-31T08:53:56+00:00\">\r\n\t\t31.01.2026\t<\/time>\r\n<\/div>\r\n\t\t\t\t\t\t\t\t\t\t\t\t\t\t\t\t\t\t<a href=\"https:\/\/blog.format-x.gmbh\/?p=1087390\" rel=\"bookmark\"><h2 class=\"eut-post-title eut-text-hover-primary-1 eut-h3\" itemprop=\"headline\">\ud83c\udfad\ud83c\udf89 Fastnacht, Fasching, f\u00fcnfte Jahreszeit \u2013 wir sind ready! \ud83c\udf89\ud83c\udfad<\/h2><\/a>\t\t\t\t\t\t\t\t\t\t\t<span class=\"eut-hidden\">\r\n\t\t\t<span class=\"eut-structured-data\" itemprop=\"image\" itemscope itemtype=\"http:\/\/schema.org\/ImageObject\">\r\n\t\t\t   <span itemprop='url' >https:\/\/blog.format-x.gmbh\/wp-content\/themes\/anemos\/images\/empty\/thumbnail.jpg<\/span>\r\n\t\t\t   <span itemprop='height' >150<\/span>\r\n\t\t\t   <span itemprop='width' >150<\/span>\r\n\t\t\t<\/span>\r\n\t\t\t\t\t\t<span class=\"eut-structured-data\" itemprop=\"author\" itemscope itemtype=\"http:\/\/schema.org\/Person\">\r\n\t\t\t\t<span itemprop=\"name\">admin<\/span>\r\n\t\t\t<\/span>\r\n\t\t\t<span class=\"eut-structured-data\" itemprop=\"publisher\" itemscope itemtype=\"http:\/\/schema.org\/Organization\">\r\n\t\t\t\t<span itemprop='name'>admin<\/span>\r\n\t\t\t\t<span itemprop='logo' itemscope itemtype='http:\/\/schema.org\/ImageObject'>\r\n\t\t\t\t\t<span itemprop='url'>https:\/\/secure.gravatar.com\/avatar\/027ebe76422f96a962f77d6ecf369664a4fe7a1e28bb14f0ce8c2d73a5947475?s=96&#038;d=mm&#038;r=g<\/span>\r\n\t\t\t\t<\/span>\r\n\t\t\t<\/span>\r\n\t\t\t\t\t\t<time class=\"eut-structured-data\" itemprop=\"datePublished\" datetime=\"2026-01-31T08:53:56+00:00\">31.01.2026<\/time>\r\n\t\t\t<time class=\"eut-structured-data\" itemprop=\"dateModified\"  datetime=\"2026-01-31T08:53:56+00:00\">31.01.2026<\/time>\r\n\t\t\t<span class=\"eut-structured-data\" itemprop=\"mainEntityOfPage\" itemscope itemtype=\"http:\/\/schema.org\/WebPage\" itemid=\"https:\/\/blog.format-x.gmbh\/?p=1087390\"><\/span>\r\n\t\t<\/span>\r\n\t\t\t\t\t\t\t\t\t<\/div>\r\n\t\t\t\t\t\t\t\t<div itemprop=\"articleBody\"><p>P\u00fcnktlich zur n\u00e4rrischen Saison gibt\u2019s neue Highlights in unserem Shop \ud83e\udd73 Unsere Narrenkappen aus dem 3D-Druck sind da \u2013 modern, langlebig und perfekt f\u00fcr echte Narren! \ud83e\udde2 Drei Varianten \u2013 unendlich viele M\u00f6glichkeiten: \ud83d\udd39 zum Dekorieren &amp; Hinlegen \ud83d\udd39 als Anh\u00e4nger (z. B. f\u00fcr Tasche, Schl\u00fcssel oder Kost\u00fcm) \ud83d\udd39 als Magnet f\u00fcr K\u00fchlschrank, Spind &amp;&hellip;<\/p><\/div>\t\t\t\t\t\t\t<\/div>\r\n\t\t\t\t\t\t\t\t\t\t\t\t\t\t<div class=\"eut-post-meta-wrapper\">\r\n\t\t\t\t\t\t\t\t\t\t\t\t\t\t\t\t<ul class=\"eut-post-meta\">\r\n\t\t\t\t\t\t\t\t\t\t<li class=\"eut-post-author eut-small-text\">\r\n\t\t\t<i class=\"eut-icon-user\"><\/i><span>admin<\/span>\r\n\t\t<\/li>\r\n\t<li class=\"eut-post-comments eut-small-text\"><i class=\"eut-icon-comment\"><\/i> 0<\/li>\r\n\t\t\t\t\t\t\t\t<\/ul>\r\n\t\t\t\t\t\t\t\t\t\t\t\t\t\t\t\t\t\t\t\t\t\t\t<\/div>\r\n\t\t\t\t\t\t\t\t\t\t\t\t\t<\/div>\r\n\t\t\t\t\t\r\n\t\t\t\t<\/div>\t\t\t<\/article>\r\n\r\n\t\t\t<\/div>\r\n\t\t<\/div>\r\n[\/vc_column][\/vc_row]<\/p><\/div>","protected":false},"excerpt":{"rendered":"<p>[vc_row][vc_column][vc_column_text css=&#8220;&#8220;] [\/vc_column_text][\/vc_column][\/vc_row]<\/p>\n","protected":false},"author":1,"featured_media":0,"parent":0,"menu_order":0,"comment_status":"closed","ping_status":"open","template":"","meta":{"footnotes":""},"class_list":["post-2","page","type-page","status-publish","hentry"],"_links":{"self":[{"href":"https:\/\/blog.format-x.gmbh\/index.php?rest_route=\/wp\/v2\/pages\/2","targetHints":{"allow":["GET"]}}],"collection":[{"href":"https:\/\/blog.format-x.gmbh\/index.php?rest_route=\/wp\/v2\/pages"}],"about":[{"href":"https:\/\/blog.format-x.gmbh\/index.php?rest_route=\/wp\/v2\/types\/page"}],"author":[{"embeddable":true,"href":"https:\/\/blog.format-x.gmbh\/index.php?rest_route=\/wp\/v2\/users\/1"}],"replies":[{"embeddable":true,"href":"https:\/\/blog.format-x.gmbh\/index.php?rest_route=%2Fwp%2Fv2%2Fcomments&post=2"}],"version-history":[{"count":6,"href":"https:\/\/blog.format-x.gmbh\/index.php?rest_route=\/wp\/v2\/pages\/2\/revisions"}],"predecessor-version":[{"id":1087383,"href":"https:\/\/blog.format-x.gmbh\/index.php?rest_route=\/wp\/v2\/pages\/2\/revisions\/1087383"}],"wp:attachment":[{"href":"https:\/\/blog.format-x.gmbh\/index.php?rest_route=%2Fwp%2Fv2%2Fmedia&parent=2"}],"curies":[{"name":"wp","href":"https:\/\/api.w.org\/{rel}","templated":true}]}}